{"id":224,"date":"2018-08-31T15:52:34","date_gmt":"2018-08-31T13:52:34","guid":{"rendered":"http:\/\/www.mma-verband.at\/mma-austria\/?page_id=224"},"modified":"2018-08-31T15:52:34","modified_gmt":"2018-08-31T13:52:34","slug":"registrieren","status":"publish","type":"page","link":"https:\/\/www.mma-verband.at\/mma-austria\/registrieren\/","title":{"rendered":"Registrieren"},"content":{"rendered":"<div class=\"wpforms-container wpforms-container-full\" id=\"wpforms-207\"><form id=\"wpforms-form-207\" class=\"wpforms-validate wpforms-form\" data-formid=\"207\" method=\"post\" enctype=\"multipart\/form-data\" action=\"\/mma-austria\/wp-json\/wp\/v2\/pages\/224\" data-token=\"50e7dedbc73e3390fd68b253405f4726\"><noscript class=\"wpforms-error-noscript\">Bitte aktiviere JavaScript in deinem Browser, um dieses Formular fertigzustellen.<\/noscript><div class=\"wpforms-field-container\"><div id=\"wpforms-207-field_1-container\" class=\"wpforms-field wpforms-field-name\" data-field-id=\"1\"><label class=\"wpforms-field-label\" for=\"wpforms-207-field_1\">Name <span class=\"wpforms-required-label\">*<\/span><\/label><div class=\"wpforms-field-row wpforms-field-large\"><div class=\"wpforms-field-row-block wpforms-first wpforms-one-half\"><input type=\"text\" id=\"wpforms-207-field_1\" class=\"wpforms-field-name-first wpforms-field-required\" name=\"wpforms[fields][1][first]\" placeholder=\"Vorname\" required><label for=\"wpforms-207-field_1\" class=\"wpforms-field-sublabel after wpforms-sublabel-hide\">Vorname<\/label><\/div><div class=\"wpforms-field-row-block wpforms-one-half\"><input type=\"text\" id=\"wpforms-207-field_1-last\" class=\"wpforms-field-name-last wpforms-field-required\" name=\"wpforms[fields][1][last]\" placeholder=\"Nachname\" required><label for=\"wpforms-207-field_1-last\" class=\"wpforms-field-sublabel after wpforms-sublabel-hide\">Nachname<\/label><\/div><\/div><\/div><div id=\"wpforms-207-field_3-container\" class=\"wpforms-field wpforms-field-email\" data-field-id=\"3\"><label class=\"wpforms-field-label\" for=\"wpforms-207-field_3\">Email <span class=\"wpforms-required-label\">*<\/span><\/label><input type=\"email\" id=\"wpforms-207-field_3\" class=\"wpforms-field-large wpforms-field-required\" name=\"wpforms[fields][3]\" required><\/div><div id=\"wpforms-207-field_21-container\" class=\"wpforms-field wpforms-field-text\" data-field-id=\"21\"><label class=\"wpforms-field-label\" for=\"wpforms-207-field_21\">Geburtstag <span class=\"wpforms-required-label\">*<\/span><\/label><input type=\"text\" id=\"wpforms-207-field_21\" class=\"wpforms-field-large wpforms-field-required\" name=\"wpforms[fields][21]\" placeholder=\"z.B.: 1. J\u00e4nner 2000\" required><\/div><div id=\"wpforms-207-field_13-container\" class=\"wpforms-field wpforms-field-text\" data-field-id=\"13\"><label class=\"wpforms-field-label\" for=\"wpforms-207-field_13\">Adresse <span class=\"wpforms-required-label\">*<\/span><\/label><input type=\"text\" id=\"wpforms-207-field_13\" class=\"wpforms-field-large wpforms-field-required\" name=\"wpforms[fields][13]\" placeholder=\"Stra\u00dfe \/ Hausnummer\" required><\/div><div id=\"wpforms-207-field_14-container\" class=\"wpforms-field wpforms-field-text wpforms-one-half wpforms-first\" data-field-id=\"14\"><label class=\"wpforms-field-label wpforms-label-hide\" for=\"wpforms-207-field_14\">Ort <span class=\"wpforms-required-label\">*<\/span><\/label><input type=\"text\" id=\"wpforms-207-field_14\" class=\"wpforms-field-large wpforms-field-required\" name=\"wpforms[fields][14]\" placeholder=\"Ort\" required><\/div><div id=\"wpforms-207-field_15-container\" class=\"wpforms-field wpforms-field-number wpforms-one-half\" data-field-id=\"15\"><label class=\"wpforms-field-label wpforms-label-hide\" for=\"wpforms-207-field_15\">PLZ <span class=\"wpforms-required-label\">*<\/span><\/label><input type=\"number\" pattern=\"\\d*\" id=\"wpforms-207-field_15\" class=\"wpforms-field-large wpforms-field-required\" name=\"wpforms[fields][15]\" placeholder=\"PLZ\" required><\/div><div id=\"wpforms-207-field_19-container\" class=\"wpforms-field wpforms-field-select\" data-field-id=\"19\"><label class=\"wpforms-field-label\" for=\"wpforms-207-field_19\">Bundesland <span class=\"wpforms-required-label\">*<\/span><\/label><select id=\"wpforms-207-field_19\" class=\"wpforms-field-large wpforms-field-required\" name=\"wpforms[fields][19]\" required=\"required\"><option value=\"Burgenland\" >Burgenland<\/option><option value=\"K\u00e4rnten\" >K\u00e4rnten<\/option><option value=\"Nieder\u00f6sterreich\" >Nieder\u00f6sterreich<\/option><option value=\"Ober\u00f6sterreich\" >Ober\u00f6sterreich<\/option><option value=\"Salzburg\" >Salzburg<\/option><option value=\"Steiermark\"  selected='selected'>Steiermark<\/option><option value=\"Tirol\" >Tirol<\/option><option value=\"Vorarlberg\" >Vorarlberg<\/option><option value=\"Wien\" >Wien<\/option><\/select><\/div><div id=\"wpforms-207-field_18-container\" class=\"wpforms-field wpforms-field-text\" data-field-id=\"18\"><label class=\"wpforms-field-label\" for=\"wpforms-207-field_18\">Verein <span class=\"wpforms-required-label\">*<\/span><\/label><input type=\"text\" id=\"wpforms-207-field_18\" class=\"wpforms-field-large wpforms-field-required\" name=\"wpforms[fields][18]\" required><\/div><div id=\"wpforms-207-field_4-container\" class=\"wpforms-field wpforms-field-password\" data-field-id=\"4\"><label class=\"wpforms-field-label\" for=\"wpforms-207-field_4\">Passwort <span class=\"wpforms-required-label\">*<\/span><\/label><\/div><\/div><div class=\"wpforms-field wpforms-field-hp\"><label for=\"wpforms-207-field-hp\" class=\"wpforms-field-label\">Website<\/label><input type=\"text\" name=\"wpforms[hp]\" id=\"wpforms-207-field-hp\" class=\"wpforms-field-medium\"><\/div><div class=\"wpforms-submit-container\" ><input type=\"hidden\" name=\"wpforms[id]\" value=\"207\"><input type=\"hidden\" name=\"wpforms[author]\" value=\"1\"><button type=\"submit\" name=\"wpforms[submit]\" class=\"wpforms-submit btn-mma\" id=\"wpforms-submit-207\" value=\"wpforms-submit\" aria-live=\"assertive\" data-alt-text=\"Senden...\" data-submit-text=\"Registrieren\">Registrieren<\/button><\/div><\/form><\/div>  <!-- .wpforms-container -->\n","protected":false},"excerpt":{"rendered":"Bitte aktiviere JavaScript in deinem Browser, um dieses Formular fertigzustellen.Name *VornameNachnameEmail *Geburtstag *Adresse *Ort *PLZ *Bundesland *BurgenlandK\u00e4rntenNieder\u00f6sterreichOber\u00f6sterreichSalzburgSteiermarkTirolVorarlbergWienVerein *Passwort *CommentRegistrieren","protected":false},"author":1,"featured_media":0,"parent":0,"menu_order":0,"comment_status":"closed","ping_status":"closed","template":"","meta":[],"_links":{"self":[{"href":"https:\/\/www.mma-verband.at\/mma-austria\/wp-json\/wp\/v2\/pages\/224"}],"collection":[{"href":"https:\/\/www.mma-verband.at\/mma-austria\/wp-json\/wp\/v2\/pages"}],"about":[{"href":"https:\/\/www.mma-verband.at\/mma-austria\/wp-json\/wp\/v2\/types\/page"}],"author":[{"embeddable":true,"href":"https:\/\/www.mma-verband.at\/mma-austria\/wp-json\/wp\/v2\/users\/1"}],"replies":[{"embeddable":true,"href":"https:\/\/www.mma-verband.at\/mma-austria\/wp-json\/wp\/v2\/comments?post=224"}],"version-history":[{"count":1,"href":"https:\/\/www.mma-verband.at\/mma-austria\/wp-json\/wp\/v2\/pages\/224\/revisions"}],"predecessor-version":[{"id":225,"href":"https:\/\/www.mma-verband.at\/mma-austria\/wp-json\/wp\/v2\/pages\/224\/revisions\/225"}],"wp:attachment":[{"href":"https:\/\/www.mma-verband.at\/mma-austria\/wp-json\/wp\/v2\/media?parent=224"}],"curies":[{"name":"wp","href":"https:\/\/api.w.org\/{rel}","templated":true}]}}