{"id":243,"date":"2018-09-03T13:07:46","date_gmt":"2018-09-03T11:07:46","guid":{"rendered":"http:\/\/www.mma-verband.at\/mma-austria\/?page_id=243"},"modified":"2018-09-03T13:10:16","modified_gmt":"2018-09-03T11:10:16","slug":"get-fight","status":"publish","type":"page","link":"http:\/\/www.mma-verband.at\/mma-austria\/get-fight\/","title":{"rendered":"Looking for a fight?"},"content":{"rendered":"<div class=\"wpforms-container wpforms-container-full\" id=\"wpforms-244\"><form id=\"wpforms-form-244\" class=\"wpforms-validate wpforms-form\" data-formid=\"244\" method=\"post\" enctype=\"multipart\/form-data\" action=\"\/mma-austria\/wp-json\/wp\/v2\/pages\/243?wpforms_form_id=244\" data-token=\"f86a07a6eb67b242d9bfd913c9e75f1d\"><div class=\"wpforms-head-container\"><div class=\"wpforms-title\">Fight finder<\/div><div class=\"wpforms-description\">F\u00fcllen Sie dieses Formular aus um sobald wie m\u00f6glich eine Kampfgelegenheit zu bekommen.<\/div><\/div><noscript class=\"wpforms-error-noscript\">Bitte aktiviere JavaScript in deinem Browser, um dieses Formular fertigzustellen.<\/noscript><div class=\"wpforms-field-container\"><div id=\"wpforms-244-field_0-container\" class=\"wpforms-field wpforms-field-name\" data-field-id=\"0\"><label class=\"wpforms-field-label\" for=\"wpforms-244-field_0\">Name <span class=\"wpforms-required-label\">*<\/span><\/label><div class=\"wpforms-field-row wpforms-field-large\"><div class=\"wpforms-field-row-block wpforms-first wpforms-one-half\"><input type=\"text\" id=\"wpforms-244-field_0\" class=\"wpforms-field-name-first wpforms-field-required\" name=\"wpforms[fields][0][first]\" placeholder=\"Firstname\" required><label for=\"wpforms-244-field_0\" class=\"wpforms-field-sublabel after wpforms-sublabel-hide\">Vorname<\/label><\/div><div class=\"wpforms-field-row-block wpforms-one-half\"><input type=\"text\" id=\"wpforms-244-field_0-last\" class=\"wpforms-field-name-last wpforms-field-required\" name=\"wpforms[fields][0][last]\" placeholder=\"Surname\" required><label for=\"wpforms-244-field_0-last\" class=\"wpforms-field-sublabel after wpforms-sublabel-hide\">Nachname<\/label><\/div><\/div><\/div><div id=\"wpforms-244-field_1-container\" class=\"wpforms-field wpforms-field-email\" data-field-id=\"1\"><label class=\"wpforms-field-label\" for=\"wpforms-244-field_1\">E-Mail <span class=\"wpforms-required-label\">*<\/span><\/label><input type=\"email\" id=\"wpforms-244-field_1\" class=\"wpforms-field-large wpforms-field-required\" name=\"wpforms[fields][1]\" required><\/div><div id=\"wpforms-244-field_4-container\" class=\"wpforms-field wpforms-field-date-time\" data-field-id=\"4\"><label class=\"wpforms-field-label\" for=\"wpforms-244-field_4\">Geburtstag (birthday) <span class=\"wpforms-required-label\">*<\/span><\/label><\/div><div id=\"wpforms-244-field_3-container\" class=\"wpforms-field wpforms-field-text\" data-field-id=\"3\"><label class=\"wpforms-field-label\" for=\"wpforms-244-field_3\">Nationalit\u00e4t (nationality) <span class=\"wpforms-required-label\">*<\/span><\/label><input type=\"text\" id=\"wpforms-244-field_3\" class=\"wpforms-field-large wpforms-field-required\" name=\"wpforms[fields][3]\" required><\/div><div id=\"wpforms-244-field_19-container\" class=\"wpforms-field wpforms-field-text\" data-field-id=\"19\"><label class=\"wpforms-field-label\" for=\"wpforms-244-field_19\">Wohnort (residence) <span class=\"wpforms-required-label\">*<\/span><\/label><input type=\"text\" id=\"wpforms-244-field_19\" class=\"wpforms-field-large wpforms-field-required\" name=\"wpforms[fields][19]\" required><\/div><div id=\"wpforms-244-field_16-container\" class=\"wpforms-field wpforms-field-number wpforms-one-third wpforms-first\" data-field-id=\"16\"><label class=\"wpforms-field-label\" for=\"wpforms-244-field_16\">Gewonnene K\u00e4mpfe (MMA fights won) <span class=\"wpforms-required-label\">*<\/span><\/label><input type=\"number\" pattern=\"\\d*\" id=\"wpforms-244-field_16\" class=\"wpforms-field-large wpforms-field-required\" name=\"wpforms[fields][16]\" required><\/div><div id=\"wpforms-244-field_15-container\" class=\"wpforms-field wpforms-field-number wpforms-one-third\" data-field-id=\"15\"><label class=\"wpforms-field-label\" for=\"wpforms-244-field_15\">Unentschiedene K\u00e4mpfe (MMA fights draw) <span class=\"wpforms-required-label\">*<\/span><\/label><input type=\"number\" pattern=\"\\d*\" id=\"wpforms-244-field_15\" class=\"wpforms-field-large wpforms-field-required\" name=\"wpforms[fields][15]\" required><\/div><div id=\"wpforms-244-field_17-container\" class=\"wpforms-field wpforms-field-number wpforms-one-third\" data-field-id=\"17\"><label class=\"wpforms-field-label\" for=\"wpforms-244-field_17\">Verlorene K\u00e4mpfe (MMA fights loss) <span class=\"wpforms-required-label\">*<\/span><\/label><input type=\"number\" pattern=\"\\d*\" id=\"wpforms-244-field_17\" class=\"wpforms-field-large wpforms-field-required\" name=\"wpforms[fields][17]\" required><\/div><div id=\"wpforms-244-field_6-container\" class=\"wpforms-field wpforms-field-number wpforms-one-half wpforms-first\" data-field-id=\"6\"><label class=\"wpforms-field-label\" for=\"wpforms-244-field_6\">Gewicht in KG (weight) <span class=\"wpforms-required-label\">*<\/span><\/label><input type=\"number\" pattern=\"\\d*\" id=\"wpforms-244-field_6\" class=\"wpforms-field-large wpforms-field-required\" name=\"wpforms[fields][6]\" required><\/div><div id=\"wpforms-244-field_9-container\" class=\"wpforms-field wpforms-field-number wpforms-one-half\" data-field-id=\"9\"><label class=\"wpforms-field-label\" for=\"wpforms-244-field_9\">Gr\u00f6\u00dfe in CM (height) <span class=\"wpforms-required-label\">*<\/span><\/label><input type=\"number\" pattern=\"\\d*\" id=\"wpforms-244-field_9\" class=\"wpforms-field-large wpforms-field-required\" name=\"wpforms[fields][9]\" required><\/div><div id=\"wpforms-244-field_10-container\" class=\"wpforms-field wpforms-field-text\" data-field-id=\"10\"><label class=\"wpforms-field-label\" for=\"wpforms-244-field_10\">Erfahrungen in anderen Kampfsportarten (experience in other combat sport) <span class=\"wpforms-required-label\">*<\/span><\/label><input type=\"text\" id=\"wpforms-244-field_10\" class=\"wpforms-field-large wpforms-field-required\" name=\"wpforms[fields][10]\" required><\/div><div id=\"wpforms-244-field_11-container\" class=\"wpforms-field wpforms-field-text\" data-field-id=\"11\"><label class=\"wpforms-field-label\" for=\"wpforms-244-field_11\">Kampfstil (combat style) <span class=\"wpforms-required-label\">*<\/span><\/label><input type=\"text\" id=\"wpforms-244-field_11\" class=\"wpforms-field-large wpforms-field-required\" name=\"wpforms[fields][11]\" required><\/div><div id=\"wpforms-244-field_12-container\" class=\"wpforms-field wpforms-field-text\" data-field-id=\"12\"><label class=\"wpforms-field-label\" for=\"wpforms-244-field_12\">Verein (gym) <span class=\"wpforms-required-label\">*<\/span><\/label><input type=\"text\" id=\"wpforms-244-field_12\" class=\"wpforms-field-large wpforms-field-required\" name=\"wpforms[fields][12]\" required><\/div><div id=\"wpforms-244-field_13-container\" class=\"wpforms-field wpforms-field-number\" data-field-id=\"13\"><label class=\"wpforms-field-label\" for=\"wpforms-244-field_13\">Gew\u00fcnschte Gage (wanted fee) <span class=\"wpforms-required-label\">*<\/span><\/label><input type=\"number\" pattern=\"\\d*\" id=\"wpforms-244-field_13\" class=\"wpforms-field-large wpforms-field-required\" name=\"wpforms[fields][13]\" required><\/div><div id=\"wpforms-244-field_14-container\" class=\"wpforms-field wpforms-field-file-upload\" data-field-id=\"14\"><label class=\"wpforms-field-label\" for=\"wpforms-244-field_14\">Bild upload<\/label><\/div><\/div><div class=\"wpforms-field wpforms-field-hp\"><label for=\"wpforms-244-field-hp\" class=\"wpforms-field-label\">Website<\/label><input type=\"text\" name=\"wpforms[hp]\" id=\"wpforms-244-field-hp\" class=\"wpforms-field-medium\"><\/div><div class=\"wpforms-submit-container\" ><input type=\"hidden\" name=\"wpforms[id]\" value=\"244\"><input type=\"hidden\" name=\"wpforms[author]\" value=\"1\"><button type=\"submit\" name=\"wpforms[submit]\" class=\"wpforms-submit \" id=\"wpforms-submit-244\" value=\"wpforms-submit\" aria-live=\"assertive\" data-alt-text=\"Sende...\" data-submit-text=\"Senden\">Senden<\/button><\/div><\/form><\/div>  <!-- .wpforms-container -->\n","protected":false},"excerpt":{"rendered":"Fight finderF\u00fcllen Sie dieses Formular aus um sobald wie m\u00f6glich eine Kampfgelegenheit zu bekommen.Bitte aktiviere JavaScript in deinem Browser, um dieses Formular fertigzustellen.Name *VornameNachnameE-Mail *Geburtstag (birthday) *Nationalit\u00e4t (nationality) *Wohnort (residence) *Gewonnene K\u00e4mpfe (MMA fights won) *Unentschiedene K\u00e4mpfe (MMA fights draw)...","protected":false},"author":1,"featured_media":0,"parent":0,"menu_order":0,"comment_status":"closed","ping_status":"closed","template":"","meta":[],"_links":{"self":[{"href":"http:\/\/www.mma-verband.at\/mma-austria\/wp-json\/wp\/v2\/pages\/243"}],"collection":[{"href":"http:\/\/www.mma-verband.at\/mma-austria\/wp-json\/wp\/v2\/pages"}],"about":[{"href":"http:\/\/www.mma-verband.at\/mma-austria\/wp-json\/wp\/v2\/types\/page"}],"author":[{"embeddable":true,"href":"http:\/\/www.mma-verband.at\/mma-austria\/wp-json\/wp\/v2\/users\/1"}],"replies":[{"embeddable":true,"href":"http:\/\/www.mma-verband.at\/mma-austria\/wp-json\/wp\/v2\/comments?post=243"}],"version-history":[{"count":2,"href":"http:\/\/www.mma-verband.at\/mma-austria\/wp-json\/wp\/v2\/pages\/243\/revisions"}],"predecessor-version":[{"id":246,"href":"http:\/\/www.mma-verband.at\/mma-austria\/wp-json\/wp\/v2\/pages\/243\/revisions\/246"}],"wp:attachment":[{"href":"http:\/\/www.mma-verband.at\/mma-austria\/wp-json\/wp\/v2\/media?parent=243"}],"curies":[{"name":"wp","href":"https:\/\/api.w.org\/{rel}","templated":true}]}}